{"id":53,"date":"2021-03-13T21:09:32","date_gmt":"2021-03-13T20:09:32","guid":{"rendered":"https:\/\/marchitectes.fr\/?page_id=53"},"modified":"2026-01-23T22:46:28","modified_gmt":"2026-01-23T21:46:28","slug":"benoit-metel-architecte-contact","status":"publish","type":"page","link":"https:\/\/marchitectes.fr\/index.php\/benoit-metel-architecte-contact\/","title":{"rendered":"Benoit Metel Architecte I Contact"},"content":{"rendered":"\t\t<div data-elementor-type=\"wp-page\" data-elementor-id=\"53\" class=\"elementor elementor-53\">\n\t\t\t\t\t\t<section class=\"elementor-section elementor-top-section elementor-element elementor-element-858e7a7 elementor-section-stretched elementor-section-boxed elementor-section-height-default elementor-section-height-default\" data-id=\"858e7a7\" data-element_type=\"section\" data-e-type=\"section\" data-settings=\"{&quot;stretch_section&quot;:&quot;section-stretched&quot;}\">\n\t\t\t\t\t\t<div class=\"elementor-container elementor-column-gap-default\">\n\t\t\t\t\t<div class=\"elementor-column elementor-col-50 elementor-top-column elementor-element elementor-element-5397ed4\" data-id=\"5397ed4\" data-element_type=\"column\" data-e-type=\"column\">\n\t\t\t<div class=\"elementor-widget-wrap elementor-element-populated\">\n\t\t\t\t\t\t<div class=\"elementor-element elementor-element-87a9bca elementor-widget elementor-widget-image\" data-id=\"87a9bca\" data-element_type=\"widget\" data-e-type=\"widget\" data-widget_type=\"image.default\">\n\t\t\t\t<div class=\"elementor-widget-container\">\n\t\t\t\t\t\t\t\t\t\t\t\t\t\t\t\t<a href=\"https:\/\/marchitectes.fr\">\n\t\t\t\t\t\t\t<img fetchpriority=\"high\" decoding=\"async\" width=\"2560\" height=\"1920\" src=\"https:\/\/marchitectes.fr\/wp-content\/uploads\/2022\/08\/carte-de-visite-verso-scaled.jpg\" class=\"attachment-full size-full wp-image-1744\" alt=\"photo carte de visite benoit metel architecte\" srcset=\"https:\/\/marchitectes.fr\/wp-content\/uploads\/2022\/08\/carte-de-visite-verso-scaled.jpg 2560w, https:\/\/marchitectes.fr\/wp-content\/uploads\/2022\/08\/carte-de-visite-verso-300x225.jpg 300w, https:\/\/marchitectes.fr\/wp-content\/uploads\/2022\/08\/carte-de-visite-verso-1024x768.jpg 1024w, https:\/\/marchitectes.fr\/wp-content\/uploads\/2022\/08\/carte-de-visite-verso-768x576.jpg 768w, https:\/\/marchitectes.fr\/wp-content\/uploads\/2022\/08\/carte-de-visite-verso-1536x1152.jpg 1536w, https:\/\/marchitectes.fr\/wp-content\/uploads\/2022\/08\/carte-de-visite-verso-2048x1536.jpg 2048w\" sizes=\"100vw\" \/>\t\t\t\t\t\t\t\t<\/a>\n\t\t\t\t\t\t\t\t\t\t\t\t\t\t\t<\/div>\n\t\t\t\t<\/div>\n\t\t\t\t\t<\/div>\n\t\t<\/div>\n\t\t\t\t<div class=\"elementor-column elementor-col-50 elementor-top-column elementor-element elementor-element-5a60229\" data-id=\"5a60229\" data-element_type=\"column\" data-e-type=\"column\">\n\t\t\t<div class=\"elementor-widget-wrap elementor-element-populated\">\n\t\t\t\t\t\t<div class=\"elementor-element elementor-element-fdf4eb1 elementor-widget elementor-widget-text-editor\" data-id=\"fdf4eb1\" data-element_type=\"widget\" data-e-type=\"widget\" data-widget_type=\"text-editor.default\">\n\t\t\t\t<div class=\"elementor-widget-container\">\n\t\t\t\t\t\t\t\t\t<p>Benoit Metel Architecte I M\u00e9rignies I<\/p><p>&nbsp;<strong>m.architectes@outlook.fr<\/strong>&nbsp;<\/p><p>+33 (0)6 79 60 11 01<\/p>\t\t\t\t\t\t\t\t<\/div>\n\t\t\t\t<\/div>\n\t\t\t\t\t<\/div>\n\t\t<\/div>\n\t\t\t\t\t<\/div>\n\t\t<\/section>\n\t\t\t\t<\/div>\n\t\t","protected":false},"excerpt":{"rendered":"<p>Benoit Metel Architecte I M\u00e9rignies I &nbsp;m.architectes@outlook.fr&nbsp; +33 (0)6 79 60 11 01<\/p>\n","protected":false},"author":1,"featured_media":0,"parent":0,"menu_order":4,"comment_status":"closed","ping_status":"closed","template":"","meta":{"footnotes":""},"class_list":["post-53","page","type-page","status-publish","hentry"],"yoast_head":"<!-- This site is optimized with the Yoast SEO plugin v27.4 - https:\/\/yoast.com\/product\/yoast-seo-wordpress\/ -->\n<title>Benoit Metel Architecte I Contact<\/title>\n<meta name=\"description\" content=\"Toutes les coordonn\u00e9es de contact de l&#039;agence Benoit Metel Architecte I Mail I T\u00e9l\u00e9phone I Facebook I Linkedin\" \/>\n<meta name=\"robots\" content=\"index, follow, max-snippet:-1, max-image-preview:large, max-video-preview:-1\" \/>\n<link rel=\"canonical\" href=\"https:\/\/marchitectes.fr\/index.php\/benoit-metel-architecte-contact\/\" \/>\n<meta property=\"og:locale\" content=\"fr_FR\" \/>\n<meta property=\"og:type\" content=\"article\" \/>\n<meta property=\"og:title\" content=\"Benoit Metel Architecte I Contact\" \/>\n<meta property=\"og:description\" content=\"Toutes les coordonn\u00e9es de contact de l&#039;agence Benoit Metel Architecte I Mail I T\u00e9l\u00e9phone I Facebook I Linkedin\" \/>\n<meta property=\"og:url\" content=\"https:\/\/marchitectes.fr\/index.php\/benoit-metel-architecte-contact\/\" \/>\n<meta property=\"og:site_name\" content=\"Benoit Metel Architecte\" \/>\n<meta property=\"article:modified_time\" content=\"2026-01-23T21:46:28+00:00\" \/>\n<meta property=\"og:image\" content=\"https:\/\/marchitectes.fr\/wp-content\/uploads\/2022\/08\/carte-de-visite-verso-scaled.jpg\" \/>\n\t<meta property=\"og:image:width\" content=\"2560\" \/>\n\t<meta property=\"og:image:height\" content=\"1920\" \/>\n\t<meta property=\"og:image:type\" content=\"image\/jpeg\" \/>\n<meta name=\"twitter:card\" content=\"summary_large_image\" \/>\n<meta name=\"twitter:label1\" content=\"Dur\u00e9e de lecture estim\u00e9e\" \/>\n\t<meta name=\"twitter:data1\" content=\"1 minute\" \/>\n<script type=\"application\/ld+json\" class=\"yoast-schema-graph\">{\"@context\":\"https:\\\/\\\/schema.org\",\"@graph\":[{\"@type\":[\"WebPage\",\"ContactPage\"],\"@id\":\"https:\\\/\\\/marchitectes.fr\\\/index.php\\\/benoit-metel-architecte-contact\\\/\",\"url\":\"https:\\\/\\\/marchitectes.fr\\\/index.php\\\/benoit-metel-architecte-contact\\\/\",\"name\":\"Benoit Metel Architecte I Contact\",\"isPartOf\":{\"@id\":\"https:\\\/\\\/marchitectes.fr\\\/#website\"},\"primaryImageOfPage\":{\"@id\":\"https:\\\/\\\/marchitectes.fr\\\/index.php\\\/benoit-metel-architecte-contact\\\/#primaryimage\"},\"image\":{\"@id\":\"https:\\\/\\\/marchitectes.fr\\\/index.php\\\/benoit-metel-architecte-contact\\\/#primaryimage\"},\"thumbnailUrl\":\"https:\\\/\\\/marchitectes.fr\\\/wp-content\\\/uploads\\\/2022\\\/08\\\/carte-de-visite-verso-scaled.jpg\",\"datePublished\":\"2021-03-13T20:09:32+00:00\",\"dateModified\":\"2026-01-23T21:46:28+00:00\",\"description\":\"Toutes les coordonn\u00e9es de contact de l'agence Benoit Metel Architecte I Mail I T\u00e9l\u00e9phone I Facebook I Linkedin\",\"breadcrumb\":{\"@id\":\"https:\\\/\\\/marchitectes.fr\\\/index.php\\\/benoit-metel-architecte-contact\\\/#breadcrumb\"},\"inLanguage\":\"fr-FR\",\"potentialAction\":[{\"@type\":\"ReadAction\",\"target\":[\"https:\\\/\\\/marchitectes.fr\\\/index.php\\\/benoit-metel-architecte-contact\\\/\"]}]},{\"@type\":\"ImageObject\",\"inLanguage\":\"fr-FR\",\"@id\":\"https:\\\/\\\/marchitectes.fr\\\/index.php\\\/benoit-metel-architecte-contact\\\/#primaryimage\",\"url\":\"https:\\\/\\\/marchitectes.fr\\\/wp-content\\\/uploads\\\/2022\\\/08\\\/carte-de-visite-verso-scaled.jpg\",\"contentUrl\":\"https:\\\/\\\/marchitectes.fr\\\/wp-content\\\/uploads\\\/2022\\\/08\\\/carte-de-visite-verso-scaled.jpg\",\"width\":2560,\"height\":1920,\"caption\":\"photo carte de visite benoit metel architecte\"},{\"@type\":\"BreadcrumbList\",\"@id\":\"https:\\\/\\\/marchitectes.fr\\\/index.php\\\/benoit-metel-architecte-contact\\\/#breadcrumb\",\"itemListElement\":[{\"@type\":\"ListItem\",\"position\":1,\"name\":\"Accueil\",\"item\":\"https:\\\/\\\/marchitectes.fr\\\/\"},{\"@type\":\"ListItem\",\"position\":2,\"name\":\"Benoit Metel Architecte I Contact\"}]},{\"@type\":\"WebSite\",\"@id\":\"https:\\\/\\\/marchitectes.fr\\\/#website\",\"url\":\"https:\\\/\\\/marchitectes.fr\\\/\",\"name\":\"Benoit Metel Architecte\",\"description\":\"\",\"publisher\":{\"@id\":\"https:\\\/\\\/marchitectes.fr\\\/#organization\"},\"potentialAction\":[{\"@type\":\"SearchAction\",\"target\":{\"@type\":\"EntryPoint\",\"urlTemplate\":\"https:\\\/\\\/marchitectes.fr\\\/?s={search_term_string}\"},\"query-input\":{\"@type\":\"PropertyValueSpecification\",\"valueRequired\":true,\"valueName\":\"search_term_string\"}}],\"inLanguage\":\"fr-FR\"},{\"@type\":\"Organization\",\"@id\":\"https:\\\/\\\/marchitectes.fr\\\/#organization\",\"name\":\"Benoit Metel Architecte\",\"url\":\"https:\\\/\\\/marchitectes.fr\\\/\",\"logo\":{\"@type\":\"ImageObject\",\"inLanguage\":\"fr-FR\",\"@id\":\"https:\\\/\\\/marchitectes.fr\\\/#\\\/schema\\\/logo\\\/image\\\/\",\"url\":\"https:\\\/\\\/marchitectes.fr\\\/wp-content\\\/uploads\\\/2021\\\/03\\\/cropped-logo-45-x-45-cm.jpg\",\"contentUrl\":\"https:\\\/\\\/marchitectes.fr\\\/wp-content\\\/uploads\\\/2021\\\/03\\\/cropped-logo-45-x-45-cm.jpg\",\"width\":512,\"height\":512,\"caption\":\"Benoit Metel Architecte\"},\"image\":{\"@id\":\"https:\\\/\\\/marchitectes.fr\\\/#\\\/schema\\\/logo\\\/image\\\/\"},\"sameAs\":[\"https:\\\/\\\/fr.linkedin.com\\\/in\\\/benoit-metel-053994120\",\"https:\\\/\\\/www.architectes-pour-tous.fr\\\/architectes-pour-tous\\\/benoit-metel-architecte\"]}]}<\/script>\n<!-- \/ Yoast SEO plugin. -->","yoast_head_json":{"title":"Benoit Metel Architecte I Contact","description":"Toutes les coordonn\u00e9es de contact de l'agence Benoit Metel Architecte I Mail I T\u00e9l\u00e9phone I Facebook I Linkedin","robots":{"index":"index","follow":"follow","max-snippet":"max-snippet:-1","max-image-preview":"max-image-preview:large","max-video-preview":"max-video-preview:-1"},"canonical":"https:\/\/marchitectes.fr\/index.php\/benoit-metel-architecte-contact\/","og_locale":"fr_FR","og_type":"article","og_title":"Benoit Metel Architecte I Contact","og_description":"Toutes les coordonn\u00e9es de contact de l'agence Benoit Metel Architecte I Mail I T\u00e9l\u00e9phone I Facebook I Linkedin","og_url":"https:\/\/marchitectes.fr\/index.php\/benoit-metel-architecte-contact\/","og_site_name":"Benoit Metel Architecte","article_modified_time":"2026-01-23T21:46:28+00:00","og_image":[{"width":2560,"height":1920,"url":"https:\/\/marchitectes.fr\/wp-content\/uploads\/2022\/08\/carte-de-visite-verso-scaled.jpg","type":"image\/jpeg"}],"twitter_card":"summary_large_image","twitter_misc":{"Dur\u00e9e de lecture estim\u00e9e":"1 minute"},"schema":{"@context":"https:\/\/schema.org","@graph":[{"@type":["WebPage","ContactPage"],"@id":"https:\/\/marchitectes.fr\/index.php\/benoit-metel-architecte-contact\/","url":"https:\/\/marchitectes.fr\/index.php\/benoit-metel-architecte-contact\/","name":"Benoit Metel Architecte I Contact","isPartOf":{"@id":"https:\/\/marchitectes.fr\/#website"},"primaryImageOfPage":{"@id":"https:\/\/marchitectes.fr\/index.php\/benoit-metel-architecte-contact\/#primaryimage"},"image":{"@id":"https:\/\/marchitectes.fr\/index.php\/benoit-metel-architecte-contact\/#primaryimage"},"thumbnailUrl":"https:\/\/marchitectes.fr\/wp-content\/uploads\/2022\/08\/carte-de-visite-verso-scaled.jpg","datePublished":"2021-03-13T20:09:32+00:00","dateModified":"2026-01-23T21:46:28+00:00","description":"Toutes les coordonn\u00e9es de contact de l'agence Benoit Metel Architecte I Mail I T\u00e9l\u00e9phone I Facebook I Linkedin","breadcrumb":{"@id":"https:\/\/marchitectes.fr\/index.php\/benoit-metel-architecte-contact\/#breadcrumb"},"inLanguage":"fr-FR","potentialAction":[{"@type":"ReadAction","target":["https:\/\/marchitectes.fr\/index.php\/benoit-metel-architecte-contact\/"]}]},{"@type":"ImageObject","inLanguage":"fr-FR","@id":"https:\/\/marchitectes.fr\/index.php\/benoit-metel-architecte-contact\/#primaryimage","url":"https:\/\/marchitectes.fr\/wp-content\/uploads\/2022\/08\/carte-de-visite-verso-scaled.jpg","contentUrl":"https:\/\/marchitectes.fr\/wp-content\/uploads\/2022\/08\/carte-de-visite-verso-scaled.jpg","width":2560,"height":1920,"caption":"photo carte de visite benoit metel architecte"},{"@type":"BreadcrumbList","@id":"https:\/\/marchitectes.fr\/index.php\/benoit-metel-architecte-contact\/#breadcrumb","itemListElement":[{"@type":"ListItem","position":1,"name":"Accueil","item":"https:\/\/marchitectes.fr\/"},{"@type":"ListItem","position":2,"name":"Benoit Metel Architecte I Contact"}]},{"@type":"WebSite","@id":"https:\/\/marchitectes.fr\/#website","url":"https:\/\/marchitectes.fr\/","name":"Benoit Metel Architecte","description":"","publisher":{"@id":"https:\/\/marchitectes.fr\/#organization"},"potentialAction":[{"@type":"SearchAction","target":{"@type":"EntryPoint","urlTemplate":"https:\/\/marchitectes.fr\/?s={search_term_string}"},"query-input":{"@type":"PropertyValueSpecification","valueRequired":true,"valueName":"search_term_string"}}],"inLanguage":"fr-FR"},{"@type":"Organization","@id":"https:\/\/marchitectes.fr\/#organization","name":"Benoit Metel Architecte","url":"https:\/\/marchitectes.fr\/","logo":{"@type":"ImageObject","inLanguage":"fr-FR","@id":"https:\/\/marchitectes.fr\/#\/schema\/logo\/image\/","url":"https:\/\/marchitectes.fr\/wp-content\/uploads\/2021\/03\/cropped-logo-45-x-45-cm.jpg","contentUrl":"https:\/\/marchitectes.fr\/wp-content\/uploads\/2021\/03\/cropped-logo-45-x-45-cm.jpg","width":512,"height":512,"caption":"Benoit Metel Architecte"},"image":{"@id":"https:\/\/marchitectes.fr\/#\/schema\/logo\/image\/"},"sameAs":["https:\/\/fr.linkedin.com\/in\/benoit-metel-053994120","https:\/\/www.architectes-pour-tous.fr\/architectes-pour-tous\/benoit-metel-architecte"]}]}},"_links":{"self":[{"href":"https:\/\/marchitectes.fr\/index.php\/wp-json\/wp\/v2\/pages\/53","targetHints":{"allow":["GET"]}}],"collection":[{"href":"https:\/\/marchitectes.fr\/index.php\/wp-json\/wp\/v2\/pages"}],"about":[{"href":"https:\/\/marchitectes.fr\/index.php\/wp-json\/wp\/v2\/types\/page"}],"author":[{"embeddable":true,"href":"https:\/\/marchitectes.fr\/index.php\/wp-json\/wp\/v2\/users\/1"}],"replies":[{"embeddable":true,"href":"https:\/\/marchitectes.fr\/index.php\/wp-json\/wp\/v2\/comments?post=53"}],"version-history":[{"count":187,"href":"https:\/\/marchitectes.fr\/index.php\/wp-json\/wp\/v2\/pages\/53\/revisions"}],"predecessor-version":[{"id":3197,"href":"https:\/\/marchitectes.fr\/index.php\/wp-json\/wp\/v2\/pages\/53\/revisions\/3197"}],"wp:attachment":[{"href":"https:\/\/marchitectes.fr\/index.php\/wp-json\/wp\/v2\/media?parent=53"}],"curies":[{"name":"wp","href":"https:\/\/api.w.org\/{rel}","templated":true}]}}